{"id":7899,"date":"2021-03-20T13:19:01","date_gmt":"2021-03-20T12:19:01","guid":{"rendered":"https:\/\/www.oceanichouses.com\/?page_id=7899"},"modified":"2021-06-21T19:06:00","modified_gmt":"2021-06-21T17:06:00","slug":"how-to-buy-a-property-in-spain","status":"publish","type":"page","link":"https:\/\/www.inmobiliaria-aspe.com\/fr\/how-to-buy-a-property-in-spain\/","title":{"rendered":"Comment acheter une propri\u00e9t\u00e9 en Espagne"},"content":{"rendered":"<p>L&rsquo;achat d&rsquo;une propri\u00e9t\u00e9 est toujours un projet passionnant mais en m\u00eame temps il faut \u00eatre bien inform\u00e9 des diff\u00e9rentes \u00e9tapes \u00e0 suivre pour \u00e9viter les malentendus et que le processus soit satisfaisant pour toutes les parties.<\/p>\n<p>Voici les principaux aspects lors de l&rsquo;achat d&rsquo;une propri\u00e9t\u00e9 en Espagne:<\/p>\n<h3>Avant l&rsquo;achat<\/h3>\n<div class=\"text-2-columns\">\n<p><strong>Filtre des propri\u00e9t\u00e9s \u00e0 visiter:<\/strong> Les portails Internet nous fournissent une bonne approximation des propri\u00e9t\u00e9s qui l&rsquo;int\u00e9ressent \u00e0 visiter mais cela ne fait pas de mal que l&rsquo;acheteur potentiel v\u00e9rifie des aspects tels que l&#8217;emplacement, les distances, l&rsquo;environnement et les conditions de vente des propri\u00e9t\u00e9s pour \u00e9viter les pertes inutiles de temps pour toutes les parties impliqu\u00e9es.<\/p>\n<p><strong>Traitement du NIE: <\/strong> Bien que ce document ne soit pas n\u00e9cessaire pour conclure un accord priv\u00e9 avec le vendeur, il est essentiel de formaliser officiellement une vente de maison en Espagne. Il s&rsquo;agit du num\u00e9ro d&rsquo;identification de l&rsquo;\u00e9tranger et il est recommand\u00e9 de l&rsquo;obtenir \u00e0 l&rsquo;ambassade d&rsquo;Espagne dans le pays d&rsquo;origine avant de voyager, car son traitement en Espagne est plus lent, en raison du grand nombre d&rsquo;\u00e9trangers qui le demandent.<\/p>\n<p><strong>Compte bancaire espagnol: <\/strong> L&rsquo;acquisition d&rsquo;une propri\u00e9t\u00e9 en Espagne impliquera une s\u00e9rie de transactions \u00e9conomiques qui seront beaucoup plus faciles \u00e0 g\u00e9rer \u00e0 partir d&rsquo;un compte bancaire d&rsquo;une banque situ\u00e9e dans ce pays. Il sera principalement utilis\u00e9 pour l&rsquo;\u00e9mission de ch\u00e8ques lors du paiement de la valeur de la vente, le pr\u00e9l\u00e8vement automatique des factures d&rsquo;eau, d&rsquo;\u00e9lectricit\u00e9 et d&rsquo;Internet, pour le paiement de l&rsquo;assurance habitation et le paiement des taxes, entre autres concepts. Bien qu&rsquo;une signature en face \u00e0 face soit requise au bureau de la banque, cette proc\u00e9dure est rapide et le travail peut \u00eatre effectu\u00e9 par t\u00e9l\u00e9phone et par e-mail.<\/p>\n<p><strong>Avocat (facultatif):<\/strong> Bien que les agences immobili\u00e8res puissent faire ce travail, de nombreux acheteurs (en particulier les \u00e9trangers) pr\u00e9f\u00e8rent qu&rsquo;un avocat soit charg\u00e9 de collecter et de v\u00e9rifier tous les documents n\u00e9cessaires des deux parties pour que la vente soit un succ\u00e8s. La chose int\u00e9ressante \u00e0 propos de l&#8217;embauche d&rsquo;un avocat est qu&rsquo;il acquiert une responsabilit\u00e9 envers l&rsquo;acheteur.<\/p>\n<\/div>\n<h3>Lors de l&rsquo;achat<\/h3>\n<div class=\"text-2-columns\">\n<p><strong>Documents importants:<\/strong> l&rsquo;acheteur doit prouver son identit\u00e9 avec un document officiel (pi\u00e8ce d&rsquo;identit\u00e9 ou passeport), son \u00e9tat matrimonial, sa r\u00e9sidence et fournir le NIE susmentionn\u00e9. Le vendeur doit \u00e9galement prouver son identit\u00e9, son \u00e9tat matrimonial et sa r\u00e9sidence, fournir un certificat \u00e9nerg\u00e9tique actualis\u00e9 de la propri\u00e9t\u00e9 et les certificats exig\u00e9s par le notaire ou l&rsquo;avocat de l&rsquo;acheteur, par exemple \u00eatre \u00e0 jour dans le paiement des propri\u00e9t\u00e9s fiscales fonci\u00e8res, celle des honoraires de la communaut\u00e9 de propri\u00e9taires (uniquement s&rsquo;il y en a une).<\/p>\n<p><strong>Contrat de vente priv\u00e9e:<\/strong> Une fois que les parties parviennent \u00e0 un accord pour la vente de la propri\u00e9t\u00e9, ce contrat priv\u00e9 est r\u00e9dig\u00e9 qui refl\u00e8te l&rsquo;ensemble des conditions convenues, telles que le prix, le mode de paiement, les d\u00e9lais, l&rsquo;inventaire du mobilier, etc. Normalement, \u00e0 la signature de ce document, l&rsquo;acheteur paie au vendeur 10% de la valeur totale de la vente.<\/p>\n<p><strong>Acte public de vente:<\/strong> Ceci est le document officiel et public de la vente et est trait\u00e9 au bureau d&rsquo;un notaire. Une fois sign\u00e9 par les deux parties, l&rsquo;acheteur est officiellement le nouveau propri\u00e9taire du bien. Dans cet acte, l&rsquo;acheteur paie, normalement par ch\u00e8que bancaire, le montant restant de l&rsquo;op\u00e9ration et le vendeur remet les cl\u00e9s.<\/p>\n<p><strong>Taxes et d\u00e9penses:<\/strong> La principale d\u00e9pense \u00e0 prendre en compte est la taxe de transfert de propri\u00e9t\u00e9, qui varie en Espagne en fonction de la communaut\u00e9 autonome o\u00f9 la vente est effectu\u00e9e. Dans la Communaut\u00e9 valencienne, o\u00f9 nous proposons nos propri\u00e9t\u00e9s, cette taxe est de 10% sur le prix de vente figurant dans l&rsquo;acte public. Une autre d\u00e9pense obligatoire est celle des frais du notaire, qui sont r\u00e9glement\u00e9s par l&rsquo;administration publique et sont calcul\u00e9s en fonction de divers facteurs tels que le prix d&rsquo;achat, l&rsquo;existence d&rsquo;une hypoth\u00e8que, etc. Le montant varie g\u00e9n\u00e9ralement entre 500\u20ac et 900\u20ac, bien qu&rsquo;il puisse \u00eatre plus \u00e9lev\u00e9 dans les propri\u00e9t\u00e9s de luxe.<\/p>\n<\/div>\n<h3>Apr\u00e8s l&rsquo;achat<\/h3>\n<div class=\"text-2-columns\">\n<p><strong>Registre de la propri\u00e9t\u00e9:<\/strong> Officiellement, il n&rsquo;y a pas de condition obligatoire pour enregistrer une vente dans le registre de la propri\u00e9t\u00e9, mais il est recommand\u00e9 de le faire d\u00e8s que possible afin que les donn\u00e9es du nouveau propri\u00e9taire y figurent. Cette action peut \u00eatre effectu\u00e9e directement par l&rsquo;acheteur ou par un professionnel d\u00e9sign\u00e9 par lui, mais le plus commode est que le bureau du notaire o\u00f9 l&rsquo;acte public de vente a \u00e9t\u00e9 consenti soit en charge. Les frais \u00e9tablis pour enregistrer un bien immobilier sont \u00e9galement r\u00e9glement\u00e9s par l&rsquo;administration publique et sont quelque peu inf\u00e9rieurs aux frais du notaire.<\/p>\n<p><strong>Taxe fonci\u00e8re (IBI):<\/strong> Une autre des d\u00e9marches \u00e0 effectuer apr\u00e8s la signature au Notaire est le changement de propri\u00e9taire de cette taxe communale, qui est de nature annuelle et dont la valeur d\u00e9pend de chaque Mairie. De m\u00eame, lorsqu&rsquo;on est propri\u00e9taire d&rsquo;un bien immobilier en Espagne, des frais de ramassage des ordures doivent \u00eatre pay\u00e9s dans la municipalit\u00e9 correspondante.<\/p>\n<p><strong>Taxe sur le revenu des non-r\u00e9sidents (IRNR):<\/strong> Les non-r\u00e9sidents en Espagne doivent \u00e9galement payer cet imp\u00f4t chaque ann\u00e9e, qui d\u00e9pend de l&rsquo;administration fiscale (Agencia Tributaria). Ce n&rsquo;est pas un montant tr\u00e8s \u00e9lev\u00e9 mais il est pratique de le payer correctement pour \u00e9viter d&rsquo;\u00e9ventuelles p\u00e9nalit\u00e9s et surtaxes.<\/p>\n<p><strong>Conseiller fiscal (facultatif):<\/strong> Bien que non obligatoire, le recours \u00e0 un conseiller fiscal est fortement recommand\u00e9, notamment pour les acheteurs \u00e9trangers qui ne sont g\u00e9n\u00e9ralement pas familiaris\u00e9s avec les diff\u00e9rentes d\u00e9marches \u00e0 effectuer et les taxes \u00e0 payer.<\/p>\n<\/div>\n<p><\/p>","protected":false},"excerpt":{"rendered":"<p>L&rsquo;achat d&rsquo;une propri\u00e9t\u00e9 est toujours un projet passionnant mais en m\u00eame temps il faut \u00eatre bien inform\u00e9 des diff\u00e9rentes \u00e9tapes \u00e0 suivre pour \u00e9viter les malentendus et que le processus soit satisfaisant pour toutes les parties. Voici les principaux aspects lors de l&rsquo;achat d&rsquo;une propri\u00e9t\u00e9 en Espagne: Avant l&rsquo;achat Filtre des propri\u00e9t\u00e9s \u00e0 visiter: Les [&hellip;]<\/p>\n","protected":false},"author":1,"featured_media":0,"parent":0,"menu_order":0,"comment_status":"closed","ping_status":"closed","template":"page-content.php","meta":{"inline_featured_image":false,"footnotes":""},"class_list":["post-7899","page","type-page","status-publish","hentry"],"_links":{"self":[{"href":"https:\/\/www.inmobiliaria-aspe.com\/fr\/wp-json\/wp\/v2\/pages\/7899","targetHints":{"allow":["GET"]}}],"collection":[{"href":"https:\/\/www.inmobiliaria-aspe.com\/fr\/wp-json\/wp\/v2\/pages"}],"about":[{"href":"https:\/\/www.inmobiliaria-aspe.com\/fr\/wp-json\/wp\/v2\/types\/page"}],"author":[{"embeddable":true,"href":"https:\/\/www.inmobiliaria-aspe.com\/fr\/wp-json\/wp\/v2\/users\/1"}],"replies":[{"embeddable":true,"href":"https:\/\/www.inmobiliaria-aspe.com\/fr\/wp-json\/wp\/v2\/comments?post=7899"}],"version-history":[{"count":121,"href":"https:\/\/www.inmobiliaria-aspe.com\/fr\/wp-json\/wp\/v2\/pages\/7899\/revisions"}],"predecessor-version":[{"id":11100,"href":"https:\/\/www.inmobiliaria-aspe.com\/fr\/wp-json\/wp\/v2\/pages\/7899\/revisions\/11100"}],"wp:attachment":[{"href":"https:\/\/www.inmobiliaria-aspe.com\/fr\/wp-json\/wp\/v2\/media?parent=7899"}],"curies":[{"name":"wp","href":"https:\/\/api.w.org\/{rel}","templated":true}]}}