{"id":455,"date":"2018-05-29T17:47:20","date_gmt":"2018-05-29T15:47:20","guid":{"rendered":"http:\/\/www.oceanicrentals.es\/?page_id=455"},"modified":"2019-11-21T23:12:49","modified_gmt":"2019-11-21T22:12:49","slug":"become-an-owner","status":"publish","type":"page","link":"https:\/\/www.inmobiliaria-aspe.com\/fr\/become-an-owner\/","title":{"rendered":"Devenez Propri\u00e9taire"},"content":{"rendered":"<p><\/p>\n<div class=\"text-title\">\n<h3 style=\"margin-top:20px;\">\u00bfPourquoi avec nous?<\/h3>\n<\/div>\n<div class=\"text-intro\">\n<p>Notre <strong>exp\u00e9rience dans le secteur de la location touristique<\/strong> et notre <strong>connaissance approfondie de la Costa Blanca<\/strong> nous conf\u00e8rent un crit\u00e8re de choix \u00e9lev\u00e9 pour la pr\u00e9s\u00e9lection des propri\u00e9t\u00e9s que nous proposons aux personnes souhaitant acheter un bien sur la plage. Nous connaissons parfaitement les go\u00fbts et les besoins des clients qui visitent nos logements, ce qui nous permet de savoir quand une maison a un potentiel touristique ou non. <strong>Nous travaillons uniquement avec des maisons surplombant la mer<\/strong> ou situ\u00e9es \u00e0 proximit\u00e9 de plages ou de criques de grand int\u00e9r\u00eat touristique. L&rsquo;une des caract\u00e9ristiques de ce type de biens est qu&rsquo;ils <strong>g\u00e9n\u00e8rent des revenus pour leurs propri\u00e9taires rapidement et en toute s\u00e9curit\u00e9<\/strong>, ce qui permet de faire face ais\u00e9ment aux d\u00e9penses de copropri\u00e9t\u00e9, aux r\u00e9novations \u00e9ventuelles ou aux mensualit\u00e9s d&rsquo;un pr\u00eat bancaire, si n\u00e9cessaire. Une fois que vous \u00eates devenu propri\u00e9taire et uniquement si vous le souhaitez, nous nous chargeons de la gestion de la location de vacances de votre bien et vous verrez comment vous rentabiliser rapidement votre investissement. Consultez <a href=\"http:\/\/www.oceanicrentals.es\/fr\/rent-your-property\/\">nos services<\/a> en tant qu&rsquo;agence de location sans aucun engagement.<\/p>\n<\/div>\n<div class=\"text-title\">\n<h3 style=\"margin-bottom:40px;\">Le syst\u00e8me en 4 \u00e9tapes<\/h3>\n<\/div>\n<div class=\"text-block-container\">\n<div class=\"text-block\">\n<div class=\"text-title\"><strong>Formulaire de viabilit\u00e9<\/strong><\/div>\n<p>L&rsquo;acheteur potentiel doit remplir un court formulaire au bas de cette page afin que notre \u00e9quipe immobili\u00e8re puisse \u00e9valuer la viabilit\u00e9 du projet d&rsquo;achat en fonction de crit\u00e8res de budget et de typologie.<\/p>\n<\/div>\n<div class=\"text-block\">\n<div class=\"text-title\"><strong>Pr\u00e9s\u00e9lection des biens<\/strong><\/div>\n<p>Si le projet est viable, une pr\u00e9s\u00e9lection de 8 \u00e0 10 biens sera pr\u00e9par\u00e9e en fonction du budget et des go\u00fbts de l&rsquo;acheteur potentiel. Celui-ci confirmera ou rejetera celles qui ne lui conviennent pas.<\/p>\n<\/div>\n<div class=\"text-block\">\n<div class=\"text-title\"><strong>Organisation de visites<\/strong><\/div>\n<p>Une fois la liste d\u00e9finitive des biens agr\u00e9\u00e9e, les visites seront organis\u00e9es en fonction des disponibilit\u00e9s de toutes les parties. Normalement, elles se font en un ou deux jours, bien entendu sans engagement.<\/p>\n<\/div>\n<div class=\"text-block\">\n<div class=\"text-title\"><strong>Assistance professionnelle \u00e0 l&rsquo;achat<\/strong><\/div>\n<p>Si l&rsquo;acheteur d\u00e9cide finalement d&rsquo;acheter un bien sur la plage, Oceanic Rentals lui conseillera tout au long du processus jusqu&rsquo;\u00e0 ce qu&rsquo;il puisse en profiter. L&rsquo;acheteur sera libre de choisir s&rsquo;il souhaite louer sa maison ou non.<\/p>\n<\/div>\n<\/div>\n<div class=\"text-title\">\n<h3 style=\"margin-bottom:40px;\">Commen\u00e7ons<\/h3>\n<\/div>\n<p><\/p>","protected":false},"excerpt":{"rendered":"<p>\u00bfPourquoi avec nous? Notre exp\u00e9rience dans le secteur de la location touristique et notre connaissance approfondie de la Costa Blanca nous conf\u00e8rent un crit\u00e8re de choix \u00e9lev\u00e9 pour la pr\u00e9s\u00e9lection des propri\u00e9t\u00e9s que nous proposons aux personnes souhaitant acheter un bien sur la plage. Nous connaissons parfaitement les go\u00fbts et les besoins des clients qui [&hellip;]<\/p>\n","protected":false},"author":1,"featured_media":506,"parent":0,"menu_order":0,"comment_status":"closed","ping_status":"closed","template":"page-form.php","meta":{"inline_featured_image":false,"footnotes":""},"class_list":["post-455","page","type-page","status-publish","has-post-thumbnail","hentry"],"_links":{"self":[{"href":"https:\/\/www.inmobiliaria-aspe.com\/fr\/wp-json\/wp\/v2\/pages\/455","targetHints":{"allow":["GET"]}}],"collection":[{"href":"https:\/\/www.inmobiliaria-aspe.com\/fr\/wp-json\/wp\/v2\/pages"}],"about":[{"href":"https:\/\/www.inmobiliaria-aspe.com\/fr\/wp-json\/wp\/v2\/types\/page"}],"author":[{"embeddable":true,"href":"https:\/\/www.inmobiliaria-aspe.com\/fr\/wp-json\/wp\/v2\/users\/1"}],"replies":[{"embeddable":true,"href":"https:\/\/www.inmobiliaria-aspe.com\/fr\/wp-json\/wp\/v2\/comments?post=455"}],"version-history":[{"count":55,"href":"https:\/\/www.inmobiliaria-aspe.com\/fr\/wp-json\/wp\/v2\/pages\/455\/revisions"}],"predecessor-version":[{"id":7917,"href":"https:\/\/www.inmobiliaria-aspe.com\/fr\/wp-json\/wp\/v2\/pages\/455\/revisions\/7917"}],"wp:featuredmedia":[{"embeddable":true,"href":"https:\/\/www.inmobiliaria-aspe.com\/fr\/wp-json\/wp\/v2\/media\/506"}],"wp:attachment":[{"href":"https:\/\/www.inmobiliaria-aspe.com\/fr\/wp-json\/wp\/v2\/media?parent=455"}],"curies":[{"name":"wp","href":"https:\/\/api.w.org\/{rel}","templated":true}]}}