{"id":455,"date":"2018-05-29T17:47:20","date_gmt":"2018-05-29T15:47:20","guid":{"rendered":"http:\/\/www.oceanicrentals.es\/?page_id=455"},"modified":"2019-11-21T23:12:49","modified_gmt":"2019-11-21T22:12:49","slug":"become-an-owner","status":"publish","type":"page","link":"https:\/\/www.inmobiliaria-aspe.com\/es\/become-an-owner\/","title":{"rendered":"Convi\u00e9rtete en Propietario"},"content":{"rendered":"<p><\/p>\n<div class=\"text-title\">\n<h3 style=\"margin-top:20px;\">\u00bfPor qu\u00e9 con nosotros?<\/h3>\n<\/div>\n<div class=\"text-intro\">\n<p>Nuestra <strong>experiencia en el sector del alquiler tur\u00edstico<\/strong> y nuestro <strong>profundo conocimiento de la Costa Blanca<\/strong> nos proporciona un alto criterio a la hora de pre-seleccionar las propiedades que ofrecemos a las personas interesadas en adquirir una vivienda en la playa. Conocemos a la perfecci\u00f3n los gustos y necesidades de los hu\u00e9spedes que visitan nuestros alojamientos, lo que nos permite saber cu\u00e1ndo una vivienda tiene potencial tur\u00edstico o no. <strong>S\u00f3lo trabajamos con viviendas con vistas al mar<\/strong> o situadas muy cerca de playas o calas de alto inter\u00e9s tur\u00edstico. Una de las caracter\u00edsticas de este tipo de viviendas es que <strong>generan ingresos a sus propietarios de forma r\u00e1pida y segura<\/strong>, lo que permite hacer frente c\u00f3modamente a los gastos de comunidad, eventuales reformas o las mensualidades de una hipoteca, en caso de ser necesaria. Una vez convertido en propietario y s\u00f3lo si t\u00fa lo deseas, nos encargaremos de la gesti\u00f3n del alquiler vacacional de tu vivienda, y ver\u00e1s c\u00f3mo rentabilizas tu inversi\u00f3n r\u00e1pidamente. Consulta <a href=\"http:\/\/www.oceanicrentals.es\/es\/rent-your-property\/\">nuestros servicios<\/a> como agencia de alquileres sin ning\u00fan tipo de compromiso.<\/p>\n<\/div>\n<div class=\"text-title\">\n<h3 style=\"margin-bottom:40px;\">El sistema en 4 pasos<\/h3>\n<\/div>\n<div class=\"text-block-container\">\n<div class=\"text-block\">\n<div class=\"text-title\"><strong>Formulario de viabilidad<\/strong><\/div>\n<p>El potencial comprador deber\u00e1 rellenar un breve formulario situado al pie de esta p\u00e1gina para que nuestro equipo inmobiliario pueda valorar la viabilidad del proyecto de compra en base a criterios de presupuesto y tipolog\u00eda.<\/p>\n<\/div>\n<div class=\"text-block\">\n<div class=\"text-title\"><strong>Pre-selecci\u00f3n de propiedades<\/strong><\/div>\n<p>Si el proyecto es viable, se elaborar\u00e1 una pre-selecci\u00f3n de entre 8 y 10 viviendas que se ajusten al presupuesto y gustos del potencial comprador, quien confirmar\u00e1 o descartar\u00e1 las que no sean de su agrado.<\/p>\n<\/div>\n<div class=\"text-block\">\n<div class=\"text-title\"><strong>Organizaci\u00f3n de las visitas<\/strong><\/div>\n<p>Una vez consensuada una lista definitiva de propiedades, se organizar\u00e1n las visitas ajustadas a la disponibilidad de todas las partes. Normalmente se suelen realizar en uno o dos d\u00edas, por supuesto sin compromiso ninguno.<\/p>\n<\/div>\n<div class=\"text-block\">\n<div class=\"text-title\"><strong>Asistencia profesional para la compra<\/strong><\/div>\n<p>Si finalmente el comprador decidiera adquirir una vivienda en la playa, Oceanic Rentals le asesorar\u00e1 durante todo el proceso hasta que pueda disfrutar de la misma. Quedar\u00e1 a elecci\u00f3n del comprador si desea alquilar su vivienda o no.<\/p>\n<\/div>\n<\/div>\n<div class=\"text-title\">\n<h3 style=\"margin-bottom:40px;\">\u00bfComenzamos?<\/h3>\n<\/div>\n<p><\/p>","protected":false},"excerpt":{"rendered":"<p>\u00bfPor qu\u00e9 con nosotros? Nuestra experiencia en el sector del alquiler tur\u00edstico y nuestro profundo conocimiento de la Costa Blanca nos proporciona un alto criterio a la hora de pre-seleccionar las propiedades que ofrecemos a las personas interesadas en adquirir una vivienda en la playa. Conocemos a la perfecci\u00f3n los gustos y necesidades de los [&hellip;]<\/p>\n","protected":false},"author":1,"featured_media":506,"parent":0,"menu_order":0,"comment_status":"closed","ping_status":"closed","template":"page-form.php","meta":{"inline_featured_image":false,"footnotes":""},"class_list":["post-455","page","type-page","status-publish","has-post-thumbnail","hentry"],"_links":{"self":[{"href":"https:\/\/www.inmobiliaria-aspe.com\/es\/wp-json\/wp\/v2\/pages\/455","targetHints":{"allow":["GET"]}}],"collection":[{"href":"https:\/\/www.inmobiliaria-aspe.com\/es\/wp-json\/wp\/v2\/pages"}],"about":[{"href":"https:\/\/www.inmobiliaria-aspe.com\/es\/wp-json\/wp\/v2\/types\/page"}],"author":[{"embeddable":true,"href":"https:\/\/www.inmobiliaria-aspe.com\/es\/wp-json\/wp\/v2\/users\/1"}],"replies":[{"embeddable":true,"href":"https:\/\/www.inmobiliaria-aspe.com\/es\/wp-json\/wp\/v2\/comments?post=455"}],"version-history":[{"count":55,"href":"https:\/\/www.inmobiliaria-aspe.com\/es\/wp-json\/wp\/v2\/pages\/455\/revisions"}],"predecessor-version":[{"id":7917,"href":"https:\/\/www.inmobiliaria-aspe.com\/es\/wp-json\/wp\/v2\/pages\/455\/revisions\/7917"}],"wp:featuredmedia":[{"embeddable":true,"href":"https:\/\/www.inmobiliaria-aspe.com\/es\/wp-json\/wp\/v2\/media\/506"}],"wp:attachment":[{"href":"https:\/\/www.inmobiliaria-aspe.com\/es\/wp-json\/wp\/v2\/media?parent=455"}],"curies":[{"name":"wp","href":"https:\/\/api.w.org\/{rel}","templated":true}]}}